{"id":2220,"date":"2024-10-19T16:01:58","date_gmt":"2024-10-19T14:01:58","guid":{"rendered":"https:\/\/netzroller.com\/netzroller\/?page_id=2220"},"modified":"2025-10-14T23:33:12","modified_gmt":"2025-10-14T21:33:12","slug":"haftungshinweis","status":"publish","type":"page","link":"https:\/\/netzroller.com\/es\/haftungshinweis\/","title":{"rendered":"Descargo de responsabilidad"},"content":{"rendered":"<div data-elementor-type=\"wp-page\" data-elementor-id=\"2220\" class=\"elementor elementor-2220\" data-elementor-post-type=\"page\">\n\t\t\t\t<div data-particle_enable=\"false\" data-particle-mobile-disabled=\"false\" class=\"elementor-element elementor-element-f172b3f e-flex e-con-boxed e-con e-parent\" data-id=\"f172b3f\" data-element_type=\"container\" data-settings=\"{&quot;background_background&quot;:&quot;classic&quot;}\">\n\t\t\t\t\t<div class=\"e-con-inner\">\n\t\t<div data-particle_enable=\"false\" data-particle-mobile-disabled=\"false\" class=\"elementor-element elementor-element-35e3e5a5 e-con-full e-flex e-con e-child\" data-id=\"35e3e5a5\" data-element_type=\"container\">\n\t\t\t\t<div class=\"elementor-element elementor-element-3d92edab exad-sticky-section-no exad-glass-effect-no elementor-widget elementor-widget-heading\" data-id=\"3d92edab\" data-element_type=\"widget\" data-widget_type=\"heading.default\">\n\t\t\t\t<div class=\"elementor-widget-container\">\n\t\t\t\t\t<h1 class=\"elementor-heading-title elementor-size-default\">Informaci\u00f3n legal<\/h1>\t\t\t\t<\/div>\n\t\t\t\t<\/div>\n\t\t\t\t<\/div>\n\t\t\t\t\t<\/div>\n\t\t\t\t<\/div>\n\t\t<div data-particle_enable=\"false\" data-particle-mobile-disabled=\"false\" class=\"elementor-element elementor-element-2be51e8a e-flex e-con-boxed e-con e-parent\" data-id=\"2be51e8a\" data-element_type=\"container\">\n\t\t\t\t\t<div class=\"e-con-inner\">\n\t\t\t\t<div class=\"elementor-element elementor-element-170453df exad-sticky-section-no exad-glass-effect-no elementor-widget elementor-widget-spacer\" data-id=\"170453df\" data-element_type=\"widget\" data-widget_type=\"spacer.default\">\n\t\t\t\t<div class=\"elementor-widget-container\">\n\t\t\t\t\t\t\t<div class=\"elementor-spacer\">\n\t\t\t<div class=\"elementor-spacer-inner\"><\/div>\n\t\t<\/div>\n\t\t\t\t\t\t<\/div>\n\t\t\t\t<\/div>\n\t\t<div data-particle_enable=\"false\" data-particle-mobile-disabled=\"false\" class=\"elementor-element elementor-element-4c4bf2e7 e-con-full e-flex e-con e-child\" data-id=\"4c4bf2e7\" data-element_type=\"container\">\n\t\t\t\t<div class=\"elementor-element elementor-element-f7d53a1 exad-sticky-section-no exad-glass-effect-no elementor-widget elementor-widget-heading\" data-id=\"f7d53a1\" data-element_type=\"widget\" data-widget_type=\"heading.default\">\n\t\t\t\t<div class=\"elementor-widget-container\">\n\t\t\t\t\t<h1 class=\"elementor-heading-title elementor-size-default\">Descargo de responsabilidad<\/h1>\t\t\t\t<\/div>\n\t\t\t\t<\/div>\n\t\t\t\t<div class=\"elementor-element elementor-element-9a14b90 elementor-widget-divider--view-line exad-sticky-section-no exad-glass-effect-no elementor-widget elementor-widget-divider\" data-id=\"9a14b90\" data-element_type=\"widget\" data-widget_type=\"divider.default\">\n\t\t\t\t<div class=\"elementor-widget-container\">\n\t\t\t\t\t\t\t<div class=\"elementor-divider\">\n\t\t\t<span class=\"elementor-divider-separator\">\n\t\t\t\t\t\t<\/span>\n\t\t<\/div>\n\t\t\t\t\t\t<\/div>\n\t\t\t\t<\/div>\n\t\t\t\t<div class=\"elementor-element elementor-element-373cfd4f exad-sticky-section-no exad-glass-effect-no elementor-widget elementor-widget-spacer\" data-id=\"373cfd4f\" data-element_type=\"widget\" data-widget_type=\"spacer.default\">\n\t\t\t\t<div class=\"elementor-widget-container\">\n\t\t\t\t\t\t\t<div class=\"elementor-spacer\">\n\t\t\t<div class=\"elementor-spacer-inner\"><\/div>\n\t\t<\/div>\n\t\t\t\t\t\t<\/div>\n\t\t\t\t<\/div>\n\t\t\t\t<div class=\"elementor-element elementor-element-77d99ce8 elementor-widget__width-inherit exad-sticky-section-no exad-glass-effect-no elementor-widget elementor-widget-text-editor\" data-id=\"77d99ce8\" data-element_type=\"widget\" data-widget_type=\"text-editor.default\">\n\t\t\t\t<div class=\"elementor-widget-container\">\n\t\t\t\t\t\t\t\t\t<p>A pesar de un cuidadoso control del contenido, no asumimos ninguna responsabilidad por los contenidos de los enlaces externos. Los operadores de las p\u00e1ginas enlazadas son los \u00fanicos responsables de su contenido.<\/p>\t\t\t\t\t\t\t\t<\/div>\n\t\t\t\t<\/div>\n\t\t\t\t<div class=\"elementor-element elementor-element-62d2878 exad-sticky-section-no exad-glass-effect-no elementor-widget elementor-widget-spacer\" data-id=\"62d2878\" data-element_type=\"widget\" data-widget_type=\"spacer.default\">\n\t\t\t\t<div class=\"elementor-widget-container\">\n\t\t\t\t\t\t\t<div class=\"elementor-spacer\">\n\t\t\t<div class=\"elementor-spacer-inner\"><\/div>\n\t\t<\/div>\n\t\t\t\t\t\t<\/div>\n\t\t\t\t<\/div>\n\t\t\t\t<div class=\"elementor-element elementor-element-37005ede elementor-widget-divider--view-line exad-sticky-section-no exad-glass-effect-no elementor-widget elementor-widget-divider\" data-id=\"37005ede\" data-element_type=\"widget\" data-widget_type=\"divider.default\">\n\t\t\t\t<div class=\"elementor-widget-container\">\n\t\t\t\t\t\t\t<div class=\"elementor-divider\">\n\t\t\t<span class=\"elementor-divider-separator\">\n\t\t\t\t\t\t<\/span>\n\t\t<\/div>\n\t\t\t\t\t\t<\/div>\n\t\t\t\t<\/div>\n\t\t\t\t<div class=\"elementor-element elementor-element-d1711ce exad-sticky-section-no exad-glass-effect-no elementor-widget elementor-widget-spacer\" data-id=\"d1711ce\" data-element_type=\"widget\" data-widget_type=\"spacer.default\">\n\t\t\t\t<div class=\"elementor-widget-container\">\n\t\t\t\t\t\t\t<div class=\"elementor-spacer\">\n\t\t\t<div class=\"elementor-spacer-inner\"><\/div>\n\t\t<\/div>\n\t\t\t\t\t\t<\/div>\n\t\t\t\t<\/div>\n\t\t\t\t<\/div>\n\t\t\t\t\t<\/div>\n\t\t\t\t<\/div>\n\t\t\t\t<\/div>","protected":false},"excerpt":{"rendered":"<p>Rechtliches Haftungshinweis Trotz sorgf\u00e4ltiger inhaltlicher Kontrolle \u00fcbernehmen wir keine Haftung f\u00fcr die Inhalte externer Links. F\u00fcr den Inhalt der verlinkten Seiten sind ausschlie\u00dflich deren Betreiber verantwortlich.<\/p>","protected":false},"author":1,"featured_media":3212,"parent":0,"menu_order":0,"comment_status":"closed","ping_status":"closed","template":"","meta":{"site-sidebar-layout":"no-sidebar","site-content-layout":"page-builder","ast-site-content-layout":"full-width-container","site-content-style":"unboxed","site-sidebar-style":"unboxed","ast-global-header-display":"","ast-banner-title-visibility":"","ast-main-header-display":"","ast-hfb-above-header-display":"","ast-hfb-below-header-display":"","ast-hfb-mobile-header-display":"","site-post-title":"disabled","ast-breadcrumbs-content":"","ast-featured-img":"disabled","footer-sml-layout":"","ast-disable-related-posts":"","theme-transparent-header-meta":"","adv-header-id-meta":"","stick-header-meta":"","header-above-stick-meta":"","header-main-stick-meta":"","header-below-stick-meta":"","astra-migrate-meta-layouts":"set","ast-page-background-enabled":"default","ast-page-background-meta":{"desktop":{"background-color":"","background-image":"","background-repeat":"repeat","background-position":"center center","background-size":"auto","background-attachment":"scroll","background-type":"","background-media":"","overlay-type":"","overlay-color":"","overlay-opacity":"","overlay-gradient":""},"tablet":{"background-color":"","background-image":"","background-repeat":"repeat","background-position":"center center","background-size":"auto","background-attachment":"scroll","background-type":"","background-media":"","overlay-type":"","overlay-color":"","overlay-opacity":"","overlay-gradient":""},"mobile":{"background-color":"","background-image":"","background-repeat":"repeat","background-position":"center center","background-size":"auto","background-attachment":"scroll","background-type":"","background-media":"","overlay-type":"","overlay-color":"","overlay-opacity":"","overlay-gradient":""}},"ast-content-background-meta":{"desktop":{"background-color":"var(--ast-global-color-5)","background-image":"","background-repeat":"repeat","background-position":"center center","background-size":"auto","background-attachment":"scroll","background-type":"","background-media":"","overlay-type":"","overlay-color":"","overlay-opacity":"","overlay-gradient":""},"tablet":{"background-color":"var(--ast-global-color-5)","background-image":"","background-repeat":"repeat","background-position":"center center","background-size":"auto","background-attachment":"scroll","background-type":"","background-media":"","overlay-type":"","overlay-color":"","overlay-opacity":"","overlay-gradient":""},"mobile":{"background-color":"var(--ast-global-color-5)","background-image":"","background-repeat":"repeat","background-position":"center center","background-size":"auto","background-attachment":"scroll","background-type":"","background-media":"","overlay-type":"","overlay-color":"","overlay-opacity":"","overlay-gradient":""}},"footnotes":""},"class_list":["post-2220","page","type-page","status-publish","has-post-thumbnail","hentry"],"yoast_head":"<!-- This site is optimized with the Yoast SEO Premium plugin v26.0 (Yoast SEO v26.0) - https:\/\/yoast.com\/wordpress\/plugins\/seo\/ -->\n<title>Netzroller Kinder Tennis D\u00fcsseldorf \u2013 Haftungshinweis\ud83c\udfbe<\/title>\n<meta name=\"description\" content=\"Entdecke Netzroller Kinder Tennisschule in D\u00fcsseldorf \ud83c\udfbeTraining, Spa\u00df am Spiel und F\u00f6rderung f\u00fcr jedes Alter. Jetzt mitmachen!\" \/>\n<meta name=\"robots\" content=\"index, follow, max-snippet:-1, max-image-preview:large, max-video-preview:-1\" \/>\n<link rel=\"canonical\" href=\"https:\/\/netzroller.com\/es\/haftungshinweis\/\" \/>\n<meta property=\"og:locale\" content=\"es_ES\" \/>\n<meta property=\"og:type\" content=\"article\" \/>\n<meta property=\"og:title\" content=\"Haftungshinweis\" \/>\n<meta property=\"og:description\" content=\"Entdecke Netzroller Kinder Tennisschule in D\u00fcsseldorf \ud83c\udfbeTraining, Spa\u00df am Spiel und F\u00f6rderung f\u00fcr jedes Alter. Jetzt mitmachen!\" \/>\n<meta property=\"og:url\" content=\"https:\/\/netzroller.com\/es\/haftungshinweis\/\" \/>\n<meta property=\"og:site_name\" content=\"netzroller \u2013 Kinder Tennis Club\" \/>\n<meta property=\"article:modified_time\" content=\"2025-10-14T21:33:12+00:00\" \/>\n<meta property=\"og:image\" content=\"https:\/\/netzroller.com\/wp-content\/uploads\/2025\/10\/A.1.1_logo.png\" \/>\n\t<meta property=\"og:image:width\" content=\"315\" \/>\n\t<meta property=\"og:image:height\" content=\"314\" \/>\n\t<meta property=\"og:image:type\" content=\"image\/png\" \/>\n<meta name=\"twitter:card\" content=\"summary_large_image\" \/>\n<meta name=\"twitter:label1\" content=\"Est. reading time\" \/>\n\t<meta name=\"twitter:data1\" content=\"1 minuto\" \/>\n<script type=\"application\/ld+json\" class=\"yoast-schema-graph\">{\"@context\":\"https:\/\/schema.org\",\"@graph\":[{\"@type\":\"WebPage\",\"@id\":\"https:\/\/netzroller.com\/haftungshinweis\/\",\"url\":\"https:\/\/netzroller.com\/haftungshinweis\/\",\"name\":\"Netzroller Kinder Tennis D\u00fcsseldorf \u2013 Haftungshinweis\ud83c\udfbe\",\"isPartOf\":{\"@id\":\"https:\/\/netzroller.com\/#website\"},\"primaryImageOfPage\":{\"@id\":\"https:\/\/netzroller.com\/haftungshinweis\/#primaryimage\"},\"image\":{\"@id\":\"https:\/\/netzroller.com\/haftungshinweis\/#primaryimage\"},\"thumbnailUrl\":\"https:\/\/netzroller.com\/wp-content\/uploads\/2025\/10\/A.1.1_logo.png\",\"datePublished\":\"2024-10-19T14:01:58+00:00\",\"dateModified\":\"2025-10-14T21:33:12+00:00\",\"description\":\"Entdecke Netzroller Kinder Tennisschule in D\u00fcsseldorf \ud83c\udfbeTraining, Spa\u00df am Spiel und F\u00f6rderung f\u00fcr jedes Alter. Jetzt mitmachen!\",\"breadcrumb\":{\"@id\":\"https:\/\/netzroller.com\/haftungshinweis\/#breadcrumb\"},\"inLanguage\":\"es\",\"potentialAction\":[{\"@type\":\"ReadAction\",\"target\":[\"https:\/\/netzroller.com\/haftungshinweis\/\"]}]},{\"@type\":\"ImageObject\",\"inLanguage\":\"es\",\"@id\":\"https:\/\/netzroller.com\/haftungshinweis\/#primaryimage\",\"url\":\"https:\/\/netzroller.com\/wp-content\/uploads\/2025\/10\/A.1.1_logo.png\",\"contentUrl\":\"https:\/\/netzroller.com\/wp-content\/uploads\/2025\/10\/A.1.1_logo.png\",\"width\":315,\"height\":314},{\"@type\":\"BreadcrumbList\",\"@id\":\"https:\/\/netzroller.com\/haftungshinweis\/#breadcrumb\",\"itemListElement\":[{\"@type\":\"ListItem\",\"position\":1,\"name\":\"Startseite\",\"item\":\"https:\/\/netzroller.com\/\"},{\"@type\":\"ListItem\",\"position\":2,\"name\":\"Haftungshinweis\"}]},{\"@type\":\"WebSite\",\"@id\":\"https:\/\/netzroller.com\/#website\",\"url\":\"https:\/\/netzroller.com\/\",\"name\":\"netzroller - Kinder Tennis Club\",\"description\":\"Tennisschule f\u00fcr Kinder in D\u00fcsseldorf\",\"publisher\":{\"@id\":\"https:\/\/netzroller.com\/#organization\"},\"potentialAction\":[{\"@type\":\"SearchAction\",\"target\":{\"@type\":\"EntryPoint\",\"urlTemplate\":\"https:\/\/netzroller.com\/?s={search_term_string}\"},\"query-input\":{\"@type\":\"PropertyValueSpecification\",\"valueRequired\":true,\"valueName\":\"search_term_string\"}}],\"inLanguage\":\"es\"},{\"@type\":\"Organization\",\"@id\":\"https:\/\/netzroller.com\/#organization\",\"name\":\"netzroller - Kinder Tennis Club\",\"url\":\"https:\/\/netzroller.com\/\",\"logo\":{\"@type\":\"ImageObject\",\"inLanguage\":\"es\",\"@id\":\"https:\/\/netzroller.com\/#\/schema\/logo\/image\/\",\"url\":\"https:\/\/netzroller.com\/wp-content\/uploads\/2024\/10\/cropped-A.1.1_new.png\",\"contentUrl\":\"https:\/\/netzroller.com\/wp-content\/uploads\/2024\/10\/cropped-A.1.1_new.png\",\"width\":1058,\"height\":328,\"caption\":\"netzroller - Kinder Tennis Club\"},\"image\":{\"@id\":\"https:\/\/netzroller.com\/#\/schema\/logo\/image\/\"}}]}<\/script>\n<!-- \/ Yoast SEO Premium plugin. -->","yoast_head_json":{"title":"Netzroller Kinder Tennis D\u00fcsseldorf \u2013 Haftungshinweis\ud83c\udfbe","description":"Entdecke Netzroller Kinder Tennisschule in D\u00fcsseldorf \ud83c\udfbeTraining, Spa\u00df am Spiel und F\u00f6rderung f\u00fcr jedes Alter. Jetzt mitmachen!","robots":{"index":"index","follow":"follow","max-snippet":"max-snippet:-1","max-image-preview":"max-image-preview:large","max-video-preview":"max-video-preview:-1"},"canonical":"https:\/\/netzroller.com\/es\/haftungshinweis\/","og_locale":"es_ES","og_type":"article","og_title":"Haftungshinweis","og_description":"Entdecke Netzroller Kinder Tennisschule in D\u00fcsseldorf \ud83c\udfbeTraining, Spa\u00df am Spiel und F\u00f6rderung f\u00fcr jedes Alter. Jetzt mitmachen!","og_url":"https:\/\/netzroller.com\/es\/haftungshinweis\/","og_site_name":"netzroller \u2013 Kinder Tennis Club","article_modified_time":"2025-10-14T21:33:12+00:00","og_image":[{"width":315,"height":314,"url":"https:\/\/netzroller.com\/wp-content\/uploads\/2025\/10\/A.1.1_logo.png","type":"image\/png"}],"twitter_card":"summary_large_image","twitter_misc":{"Est. reading time":"1 minuto"},"schema":{"@context":"https:\/\/schema.org","@graph":[{"@type":"WebPage","@id":"https:\/\/netzroller.com\/haftungshinweis\/","url":"https:\/\/netzroller.com\/haftungshinweis\/","name":"Netzroller Kinder Tennis D\u00fcsseldorf \u2013 Haftungshinweis\ud83c\udfbe","isPartOf":{"@id":"https:\/\/netzroller.com\/#website"},"primaryImageOfPage":{"@id":"https:\/\/netzroller.com\/haftungshinweis\/#primaryimage"},"image":{"@id":"https:\/\/netzroller.com\/haftungshinweis\/#primaryimage"},"thumbnailUrl":"https:\/\/netzroller.com\/wp-content\/uploads\/2025\/10\/A.1.1_logo.png","datePublished":"2024-10-19T14:01:58+00:00","dateModified":"2025-10-14T21:33:12+00:00","description":"Entdecke Netzroller Kinder Tennisschule in D\u00fcsseldorf \ud83c\udfbeTraining, Spa\u00df am Spiel und F\u00f6rderung f\u00fcr jedes Alter. Jetzt mitmachen!","breadcrumb":{"@id":"https:\/\/netzroller.com\/haftungshinweis\/#breadcrumb"},"inLanguage":"es","potentialAction":[{"@type":"ReadAction","target":["https:\/\/netzroller.com\/haftungshinweis\/"]}]},{"@type":"ImageObject","inLanguage":"es","@id":"https:\/\/netzroller.com\/haftungshinweis\/#primaryimage","url":"https:\/\/netzroller.com\/wp-content\/uploads\/2025\/10\/A.1.1_logo.png","contentUrl":"https:\/\/netzroller.com\/wp-content\/uploads\/2025\/10\/A.1.1_logo.png","width":315,"height":314},{"@type":"BreadcrumbList","@id":"https:\/\/netzroller.com\/haftungshinweis\/#breadcrumb","itemListElement":[{"@type":"ListItem","position":1,"name":"Startseite","item":"https:\/\/netzroller.com\/"},{"@type":"ListItem","position":2,"name":"Haftungshinweis"}]},{"@type":"WebSite","@id":"https:\/\/netzroller.com\/#website","url":"https:\/\/netzroller.com\/","name":"netzroller \u2014 Club de Tenis Infantil","description":"Tennisschule f\u00fcr Kinder in D\u00fcsseldorf","publisher":{"@id":"https:\/\/netzroller.com\/#organization"},"potentialAction":[{"@type":"SearchAction","target":{"@type":"EntryPoint","urlTemplate":"https:\/\/netzroller.com\/?s={search_term_string}"},"query-input":{"@type":"PropertyValueSpecification","valueRequired":true,"valueName":"search_term_string"}}],"inLanguage":"es"},{"@type":"Organization","@id":"https:\/\/netzroller.com\/#organization","name":"netzroller \u2014 Club de Tenis Infantil","url":"https:\/\/netzroller.com\/","logo":{"@type":"ImageObject","inLanguage":"es","@id":"https:\/\/netzroller.com\/#\/schema\/logo\/image\/","url":"https:\/\/netzroller.com\/wp-content\/uploads\/2024\/10\/cropped-A.1.1_new.png","contentUrl":"https:\/\/netzroller.com\/wp-content\/uploads\/2024\/10\/cropped-A.1.1_new.png","width":1058,"height":328,"caption":"netzroller - Kinder Tennis Club"},"image":{"@id":"https:\/\/netzroller.com\/#\/schema\/logo\/image\/"}}]}},"_links":{"self":[{"href":"https:\/\/netzroller.com\/es\/wp-json\/wp\/v2\/pages\/2220","targetHints":{"allow":["GET"]}}],"collection":[{"href":"https:\/\/netzroller.com\/es\/wp-json\/wp\/v2\/pages"}],"about":[{"href":"https:\/\/netzroller.com\/es\/wp-json\/wp\/v2\/types\/page"}],"author":[{"embeddable":true,"href":"https:\/\/netzroller.com\/es\/wp-json\/wp\/v2\/users\/1"}],"replies":[{"embeddable":true,"href":"https:\/\/netzroller.com\/es\/wp-json\/wp\/v2\/comments?post=2220"}],"version-history":[{"count":0,"href":"https:\/\/netzroller.com\/es\/wp-json\/wp\/v2\/pages\/2220\/revisions"}],"wp:featuredmedia":[{"embeddable":true,"href":"https:\/\/netzroller.com\/es\/wp-json\/wp\/v2\/media\/3212"}],"wp:attachment":[{"href":"https:\/\/netzroller.com\/es\/wp-json\/wp\/v2\/media?parent=2220"}],"curies":[{"name":"wp","href":"https:\/\/api.w.org\/{rel}","templated":true}]}}